{"id":2899,"date":"2022-01-29T21:38:14","date_gmt":"2022-01-29T20:38:14","guid":{"rendered":"https:\/\/peter-hess-muehle.de\/shop\/produkt\/fachzeitschrift14-2019\/"},"modified":"2022-02-18T10:52:47","modified_gmt":"2022-02-18T09:52:47","slug":"fachzeitschrift14-2019","status":"publish","type":"product","link":"https:\/\/peter-hess-muehle.de\/shop\/produkt\/fachzeitschrift14-2019\/","title":{"rendered":"Fachzeitschrift 14\/2019"},"content":{"rendered":"<p><strong>Fachzeitschrift KLANG-MASSAGE-THERAPIE 14\/2019<\/strong><\/p>\n<p>INHALT:<\/p>\n<p>\u201eGesund bleiben \u2013 Krankheit heilen\u201c<br \/>\nKongressthema Medizin und Bewusstsein 2019 &#8211; Ein Beitrag aus der Sicht der Peter Hess\u00ae-Klangmethoden Ulrich Krause<\/p>\n<p>Achtsamer Klang \u2013 Klangvolle Achtsamkeit<br \/>\nMBSR und Peter Hess\u00ae-Klangmethoden \u2013 eine ideale Verbindung Birgit Amann<\/p>\n<p>Klanginduzierte und klangbegleitete Bewusstseinsprozesse<br \/>\nProf. Dr. rer. nat. Thilo Hinterberger und Dr. phil. Christina Koller<\/p>\n<p>Das Leben mit Klang bereichern und aktiv gestalten<br \/>\nMit Klang\u00fcbungen und Klangmassagen Gesundheit st\u00e4rken und Ver\u00e4nderungsprozesse begleiten Peter Hess und Dr. phil. Christina Koller<\/p>\n<p>Feuer \u2013 Erde \u2013 Wasser \u2013 Luft<br \/>\nEinige Ideen zum ganzheitlichen Umgang mit Resonanzen Prof. Dr. med. Dipl.-Psych. Rolf Verres<\/p>\n<p>\u201eWir sind ganz leise und fl\u00fcstern\u201c &#8211; Erfahrungen aus einer Arbeitsgemeinschaft \u201eKlang-Pause nach dem Schulalltag\u201c mit Sch\u00fclern aus der 2. Klasse<br \/>\nAnnette Heck<\/p>\n<p>Betriebliches Gesundheitsmanagement mit Klang &#8211; \u201eGesundheitspr\u00e4vention f\u00fcr K\u00f6rper, Geist und Seele mit Klangschalen\u201c<br \/>\nDr. med. Claudia Gl\u00f6ckner<\/p>\n<p>\u201eIch hatte noch nie ein so tolles Gef\u00fchl bei der Arbeit\u201c &#8211; Klangentspannung f\u00fcr Mitarbeiter, Bewohner und Angeh\u00f6rige<br \/>\nim Haus der Barmherzigkeit in Wien Michaela Dorfmann und Sonja Bundschuh<\/p>\n<p>Mit Klangschalen die Lebensqualit\u00e4t von Senioren steigern &#8211; 8 Jahre Klanganwendungen im SeniorenWohnen K\u00fcpferlingen<br \/>\nin Rosenheim Rosemarie Bleil<\/p>\n<p>Wenn die Klangschalen schwingen &#8211; Die Peter Hess\u00ae-Klangmassage im Dienste der Gesundheit<br \/>\nDr. med. Marco Aur\u00e9lio da Costa Vieira, Ingrid Ortelbach und Carla Ortelbach<\/p>\n<p>Klangmassage als Entspannungsangebot f\u00fcr Menschen mit Schwerh\u00f6rigkeit und bei Tinnitus<br \/>\nAngelika Nebl und Dr. phil. Christina Koller<\/p>\n<p>Keine Angst vor hellen T\u00f6nen! Die Kopfschalen in der Individuellen Klangmassage<br \/>\nAndreas H\u00fcne<\/p>\n<p>Yogimobil\u00ae YogalehrerInnen-Ausbildung am Peter Hess\u00ae Institut \u2013 Anerkannt von der American Yoga Alliance<br \/>\nKim Kassandra und Mark Schmid<\/p>\n<p>Klang(massage) in Nepal \u2013 \u201eslowly slowly, macht nichts, alles klar\u201c<br \/>\nUta Altmann<\/p>\n<p>Chancen und Potenziale von Netzwerkarbeit &#8211; Gelungenes Miteinander in der Regionalgruppe Allg\u00e4u<br \/>\nVera Felsing<\/p>\n<p>Gemeinsam tragen wir die Kl\u00e4nge in die Welt &#8211; 20 Jahre Europ\u00e4ischer Fachverband Klang-Massage-Therapie e.V.&amp; 35 Jahre Peter Hess\u00ae-Klangmassage<br \/>\nDr. phil. Christina Koller<\/p>\n","protected":false},"excerpt":{"rendered":"<p>Jubil\u00e4umsausgabe: 20 Jahre Europ\u00e4ischer Fachverband Klang-Massage-Therapie e.V. &amp; 35 Jahre Peter Hess-Klangmassage<br \/>\nAutor: Europ\u00e4ischer Fachverband Klang-Massage-Therapie e.V. (Hrsg.)<br \/>\nErscheinungsjahr: Verlag Peter Hess 2019<\/p>\n","protected":false},"featured_media":5051,"template":"","meta":{"_et_pb_use_builder":"","_et_pb_old_content":"","_et_gb_content_width":""},"product_brand":[],"product_cat":[58],"product_tag":[],"class_list":{"0":"post-2899","1":"product","2":"type-product","3":"status-publish","4":"has-post-thumbnail","6":"product_cat-buecher","8":"first","9":"instock","10":"taxable","11":"shipping-taxable","12":"purchasable","13":"product-type-simple"},"_links":{"self":[{"href":"https:\/\/peter-hess-muehle.de\/shop\/wp-json\/wp\/v2\/product\/2899","targetHints":{"allow":["GET"]}}],"collection":[{"href":"https:\/\/peter-hess-muehle.de\/shop\/wp-json\/wp\/v2\/product"}],"about":[{"href":"https:\/\/peter-hess-muehle.de\/shop\/wp-json\/wp\/v2\/types\/product"}],"wp:featuredmedia":[{"embeddable":true,"href":"https:\/\/peter-hess-muehle.de\/shop\/wp-json\/wp\/v2\/media\/5051"}],"wp:attachment":[{"href":"https:\/\/peter-hess-muehle.de\/shop\/wp-json\/wp\/v2\/media?parent=2899"}],"wp:term":[{"taxonomy":"product_brand","embeddable":true,"href":"https:\/\/peter-hess-muehle.de\/shop\/wp-json\/wp\/v2\/product_brand?post=2899"},{"taxonomy":"product_cat","embeddable":true,"href":"https:\/\/peter-hess-muehle.de\/shop\/wp-json\/wp\/v2\/product_cat?post=2899"},{"taxonomy":"product_tag","embeddable":true,"href":"https:\/\/peter-hess-muehle.de\/shop\/wp-json\/wp\/v2\/product_tag?post=2899"}],"curies":[{"name":"wp","href":"https:\/\/api.w.org\/{rel}","templated":true}]}}