{"id":2907,"date":"2022-01-29T21:55:59","date_gmt":"2022-01-29T20:55:59","guid":{"rendered":"https:\/\/peter-hess-muehle.de\/shop\/produkt\/fachzeitschrift-10-2015\/"},"modified":"2022-02-18T10:43:03","modified_gmt":"2022-02-18T09:43:03","slug":"fachzeitschrift-10-2015","status":"publish","type":"product","link":"https:\/\/peter-hess-muehle.de\/shop\/produkt\/fachzeitschrift-10-2015\/","title":{"rendered":"Fachzeitschrift, 10\/2015"},"content":{"rendered":"<p><strong>Fachzeitschrift KLANG-MASSAGE-THERAPIE 10\/2015<\/strong><\/p>\n<p>Die vielf\u00e4ltigen Beitr\u00e4ge erm\u00f6glichen wieder Einblicke in unterschiedliche Anwendungsfelder und informieren \u00fcber neue Entwicklungen. Die Zeitschrift versteht sich einerseits als Plattform zum Erfahrungsaustausch zwischen den Praktikern der Peter Hess-Klangmethoden. Sie ist aber andererseits auch ein repr\u00e4sentatives Werbemittel f\u00fcr jede Klangmassagepraktikerin\/jeden Klangmassagepraktiker. Vorwort: Peter Hess<\/p>\n<p>Peter Hess-Klangmassage als komplement\u00e4re Methode in der therapeutischen Praxis;<br \/>\nChristina M. Koller<\/p>\n<p>Klang, Geduld und liebevolle Begleitung<br \/>\nHella und Luis Erler<\/p>\n<p>Warum gerade Klangmassagen auf einer Intensivstation?<br \/>\nGabriele Seidenath<\/p>\n<p>Die Klangmassage schenkt mir wieder Lebensqualit\u00e4t. Die Leiterin der Peter Hess Academy USA Texas berichtet von ihrem ganz pers\u00f6nlichen Klang-Weg<br \/>\nMargit Willems Whitaker<\/p>\n<p>Neues Buch: Klangschalen &#8211; Mein praktischer Begleiter<br \/>\nPeter Hess<\/p>\n<p>Lachyogastunde &amp; Klang in der MediClin Bosenberg Klinik in St. Wendel<br \/>\nJoachim Fell<\/p>\n<p>Einfach nur ich sein! Klangmassage in einem Tagespflegehaus<br \/>\nJudith Lenz<\/p>\n<p>Wir bringen M\u00fcnchen zum Klingen<br \/>\nUrsula Balmer, Silvia Schindler, Prof. Hella und Prof. Luis Erler<\/p>\n<p>KliK &#8211; Klingende Kommunikation f\u00fcr alle!<br \/>\nHeike Haverbeck<\/p>\n<p>Klangschalen im Musikunterricht &#8211; Sinnliches Erleben f\u00f6rdert die Freude am Instrument<br \/>\nAnna Avramidou<\/p>\n<p>J.O.Y. &#8211; Sound of Yoga nach Emily Hess<br \/>\nDoris Iding<\/p>\n<p>Resonanz &#8211; Bewusstsein &#8211; therapeutische Kommunikation &#8211; Bereichernde Aspekte f\u00fcr die Klangarbeit<br \/>\nChristina M. Koller<\/p>\n<p>Die Weiterbildung: Peter Hess-Klangmassageexperte f\u00fcr die Begleitung von Genesungsprozessen<br \/>\nPeter Hess<\/p>\n<p>Sommerakademie 2015 f\u00fcr Integrative Medizin vom 25.07.-01.08.2015 Treffpunkt: Grenze &#8211; Von hier aus gemeinsam<br \/>\nUlrich Krause<\/p>\n<p>Neues vom Europ\u00e4ischen Fachverband Klang-Massage-Therapie e.V.<br \/>\nUlrich Krause<\/p>\n<p>Neues vom PHI<br \/>\nUlrich Krause<\/p>\n<p>Peter Hess Academy USA &#8211; Pioniergeist und Begeisterung tragen die Peter Hess-Klangmethoden in die Welt<br \/>\nChristina M. Koller<\/p>\n<p>Nachwort<br \/>\nChristina M. Koller u. Ulrich Krause<\/p>\n<p>Erscheinungstermin: Nov. 2015<\/p>\n","protected":false},"excerpt":{"rendered":"<p>Fachzeitschrift Klang-Massage-Therapie 10\/2015<br \/>\nAutor: Europ\u00e4ischer Fachverband Klang-Massage-Therapie e.V. (Hrsg.)<br \/>\nErscheinungsjahr: 10\/2015<\/p>\n","protected":false},"featured_media":5044,"template":"","meta":{"_et_pb_use_builder":"","_et_pb_old_content":"","_et_gb_content_width":""},"product_brand":[],"product_cat":[58],"product_tag":[],"class_list":{"0":"post-2907","1":"product","2":"type-product","3":"status-publish","4":"has-post-thumbnail","6":"product_cat-buecher","8":"first","9":"instock","10":"taxable","11":"shipping-taxable","12":"purchasable","13":"product-type-simple"},"_links":{"self":[{"href":"https:\/\/peter-hess-muehle.de\/shop\/wp-json\/wp\/v2\/product\/2907","targetHints":{"allow":["GET"]}}],"collection":[{"href":"https:\/\/peter-hess-muehle.de\/shop\/wp-json\/wp\/v2\/product"}],"about":[{"href":"https:\/\/peter-hess-muehle.de\/shop\/wp-json\/wp\/v2\/types\/product"}],"wp:featuredmedia":[{"embeddable":true,"href":"https:\/\/peter-hess-muehle.de\/shop\/wp-json\/wp\/v2\/media\/5044"}],"wp:attachment":[{"href":"https:\/\/peter-hess-muehle.de\/shop\/wp-json\/wp\/v2\/media?parent=2907"}],"wp:term":[{"taxonomy":"product_brand","embeddable":true,"href":"https:\/\/peter-hess-muehle.de\/shop\/wp-json\/wp\/v2\/product_brand?post=2907"},{"taxonomy":"product_cat","embeddable":true,"href":"https:\/\/peter-hess-muehle.de\/shop\/wp-json\/wp\/v2\/product_cat?post=2907"},{"taxonomy":"product_tag","embeddable":true,"href":"https:\/\/peter-hess-muehle.de\/shop\/wp-json\/wp\/v2\/product_tag?post=2907"}],"curies":[{"name":"wp","href":"https:\/\/api.w.org\/{rel}","templated":true}]}}