{"id":5761,"date":"2022-04-03T11:19:13","date_gmt":"2022-04-03T09:19:13","guid":{"rendered":"https:\/\/peter-hess-muehle.de\/shop\/?post_type=product&#038;p=5761"},"modified":"2022-04-03T11:20:27","modified_gmt":"2022-04-03T09:20:27","slug":"vernebler-zerstaeuber-gaia-braun","status":"publish","type":"product","link":"https:\/\/peter-hess-muehle.de\/shop\/produkt\/vernebler-zerstaeuber-gaia-braun\/","title":{"rendered":"Vernebler-Zerst\u00e4uber Gaia braun"},"content":{"rendered":"<p><strong>Ultraschall Aroma Zerst\u00e4uber Gaia braun<br \/>\n<\/strong><\/p>\n<p><strong>Ein qualitativer High-Tech-Zerst\u00e4uber f\u00fcr \u00e4therische \u00d6le. Mit eingebautem LED-Licht in 7 Farben, das auf die bevorzugte Farbe eingestellt werden kann, sowie einem Schalter f\u00fcr konstante oder intermittierende Nebeldiffusion.<\/strong><\/p>\n<p>Bedienung:<\/p>\n<p>1. \u00d6ffnen Sie die Abdeckung<br \/>\n2. Stecken Sie das Netzkabel ein<br \/>\n3. Wasser und \u00e4therisches \u00d6l hinzuf\u00fcgen<br \/>\n4. Beginnen Sie mit der Verwendung<\/p>\n<p>In Bezug auf die Menge an Wasser und \u00d6l empfehlen wir folgende Mengen:<\/p>\n<p>100 ml: 3 bis 5 Tropfen<br \/>\n200 ml: 6 bis 10 Tropfen<br \/>\n300 ml: 9 bis 12 Tropfen<br \/>\n400 ml: 12 bis 15 Tropfen<br \/>\n500 ml: 15 bis 20 Tropfen<\/p>\n<p>Die Menge h\u00e4ngt ebenfalls von der Funktion des Raumes ab, von der Gr\u00f6\u00dfe des Raums und von der Duftintensit\u00e4t des \u00d6ls. Sie k\u00f6nnen nach Bedarf \u00d6l hinzuf\u00fcgen oder entfernen und so die Duftst\u00e4rke anpassen. Es empfiehlt sich f\u00fcr einen kleineren oder weniger bel\u00fcfteten Raum weniger \u00d6l zu verwenden. Wenn Sie verschiedene \u00e4therische \u00d6le mit starken Duftprofilen verteilen, besser weniger \u00d6l verwenden damit der \u00d6lduft nicht \u00fcberfordert.<\/p>\n","protected":false},"excerpt":{"rendered":"<p>Ultraschall-Aromadiffusor 200 ml einschl. Trafo 220\/24V<br \/>\nLeistung: 9 W.<br \/>\nAusgang: DC 24V<br \/>\nArbeitszeit: 4 bis 6 Stunden<br \/>\nNutzfl\u00e4che: 20-40 m2<br \/>\n7-Farben-LED-Zyklus<br \/>\nSchalter f\u00fcr konstante oder intermittierende Diffusion.<br \/>\nWassermangelschutz<\/p>\n","protected":false},"featured_media":5762,"template":"","meta":{"_et_pb_use_builder":"","_et_pb_old_content":"","_et_gb_content_width":""},"product_brand":[],"product_cat":[143],"product_tag":[],"class_list":{"0":"post-5761","1":"product","2":"type-product","3":"status-publish","4":"has-post-thumbnail","6":"product_cat-duft-oele","8":"first","9":"instock","10":"taxable","11":"shipping-taxable","12":"purchasable","13":"product-type-simple"},"_links":{"self":[{"href":"https:\/\/peter-hess-muehle.de\/shop\/wp-json\/wp\/v2\/product\/5761","targetHints":{"allow":["GET"]}}],"collection":[{"href":"https:\/\/peter-hess-muehle.de\/shop\/wp-json\/wp\/v2\/product"}],"about":[{"href":"https:\/\/peter-hess-muehle.de\/shop\/wp-json\/wp\/v2\/types\/product"}],"wp:featuredmedia":[{"embeddable":true,"href":"https:\/\/peter-hess-muehle.de\/shop\/wp-json\/wp\/v2\/media\/5762"}],"wp:attachment":[{"href":"https:\/\/peter-hess-muehle.de\/shop\/wp-json\/wp\/v2\/media?parent=5761"}],"wp:term":[{"taxonomy":"product_brand","embeddable":true,"href":"https:\/\/peter-hess-muehle.de\/shop\/wp-json\/wp\/v2\/product_brand?post=5761"},{"taxonomy":"product_cat","embeddable":true,"href":"https:\/\/peter-hess-muehle.de\/shop\/wp-json\/wp\/v2\/product_cat?post=5761"},{"taxonomy":"product_tag","embeddable":true,"href":"https:\/\/peter-hess-muehle.de\/shop\/wp-json\/wp\/v2\/product_tag?post=5761"}],"curies":[{"name":"wp","href":"https:\/\/api.w.org\/{rel}","templated":true}]}}