{"id":6328,"date":"2022-09-26T20:59:00","date_gmt":"2022-09-26T18:59:00","guid":{"rendered":"https:\/\/peter-hess-muehle.de\/shop\/?post_type=product&#038;p=6328"},"modified":"2025-02-23T09:13:00","modified_gmt":"2025-02-23T08:13:00","slug":"augenkissen-lavendel-biologisch-beige","status":"publish","type":"product","link":"https:\/\/peter-hess-muehle.de\/shop\/produkt\/augenkissen-lavendel-biologisch-beige\/","title":{"rendered":"Augenkissen Lavendel biologisch beige"},"content":{"rendered":"<p>Ein Yogi&amp;Yogini Lavendel Augenkissen ist eine einfache und sehr effektive M\u00f6glichkeit, die wunderbaren Effekte der Lavendel-Aromatherapie zu genie\u00dfen. Legen Sie einfach ein Kissen \u00fcber Ihre geschlossenen Augen, atmen Sie tief ein, entspannen Sie sich und genie\u00dfen Sie die beruhigende Wirkung von Lavendel. Stressabbau kann nicht einfacher sein!<\/p>\n<p><strong>Produktspezifikationen<\/strong><br \/>\nNat\u00fcrliche Lavendelkissen f\u00fcr die Aromatherapie<br \/>\n\u00d6ko-Tex 100 zertifizierte Baumwolle von europ\u00e4ischem Boden.<br \/>\nGef\u00fcllt mit Bio-Lavendel und Bio-Leinsamen aus Kroatien, jeweils 50% der F\u00fcllung.<br \/>\nFrei von sch\u00e4dlichen Chemikalien.<br \/>\nBei Raumtemperatur an einem trockenen Ort aufbewahren.<br \/>\nDer Lavendelduft h\u00e4lt mindestens 2 Jahre.<\/p>\n","protected":false},"excerpt":{"rendered":"<p>Material: Baumwolle<br \/>\nMasse: 22&#215;8 cm<br \/>\nGewicht: 150g<\/p>\n","protected":false},"featured_media":6329,"template":"","meta":{"_et_pb_use_builder":"","_et_pb_old_content":"","_et_gb_content_width":""},"product_brand":[],"product_cat":[88,57],"product_tag":[],"class_list":{"0":"post-6328","1":"product","2":"type-product","3":"status-publish","4":"has-post-thumbnail","6":"product_cat-knie-nackenrollen","7":"product_cat-lagern","9":"first","10":"instock","11":"taxable","12":"shipping-taxable","13":"purchasable","14":"product-type-simple"},"_links":{"self":[{"href":"https:\/\/peter-hess-muehle.de\/shop\/wp-json\/wp\/v2\/product\/6328","targetHints":{"allow":["GET"]}}],"collection":[{"href":"https:\/\/peter-hess-muehle.de\/shop\/wp-json\/wp\/v2\/product"}],"about":[{"href":"https:\/\/peter-hess-muehle.de\/shop\/wp-json\/wp\/v2\/types\/product"}],"wp:featuredmedia":[{"embeddable":true,"href":"https:\/\/peter-hess-muehle.de\/shop\/wp-json\/wp\/v2\/media\/6329"}],"wp:attachment":[{"href":"https:\/\/peter-hess-muehle.de\/shop\/wp-json\/wp\/v2\/media?parent=6328"}],"wp:term":[{"taxonomy":"product_brand","embeddable":true,"href":"https:\/\/peter-hess-muehle.de\/shop\/wp-json\/wp\/v2\/product_brand?post=6328"},{"taxonomy":"product_cat","embeddable":true,"href":"https:\/\/peter-hess-muehle.de\/shop\/wp-json\/wp\/v2\/product_cat?post=6328"},{"taxonomy":"product_tag","embeddable":true,"href":"https:\/\/peter-hess-muehle.de\/shop\/wp-json\/wp\/v2\/product_tag?post=6328"}],"curies":[{"name":"wp","href":"https:\/\/api.w.org\/{rel}","templated":true}]}}