{"id":6998,"date":"2025-11-08T20:19:38","date_gmt":"2025-11-08T19:19:38","guid":{"rendered":"https:\/\/peter-hess-muehle.de\/shop\/?post_type=product&#038;p=6998"},"modified":"2026-02-07T23:29:56","modified_gmt":"2026-02-07T22:29:56","slug":"sansula-basic-hokema","status":"publish","type":"product","link":"https:\/\/peter-hess-muehle.de\/shop\/produkt\/sansula-basic-hokema\/","title":{"rendered":"Sansula Basic (Hokema)"},"content":{"rendered":"<p>A-Moll 440Hz ( a&#8216; &#8211; c&#8220; &#8211; c&#8216; &#8211; a&#8216; &#8211; a &#8211; f&#8216; &#8211; e&#8216; &#8211; e&#8220; &#8211; h&#8216; )<\/p>\n<p>Die Sansula Basic ist in A-Moll gestimmt und verf\u00fcgt \u00fcber zus\u00e4tzliche T\u00f6ne von H und F, wobei das A zweimal verwendet wird, um einen starken Oberton zu erzeugen. Dadurch entsteht ein unvergleichlicher, sph\u00e4rischer Klang, der die Zuh\u00f6rer ber\u00fchrt. Die Sansula Basic eignet sich hervorragend f\u00fcr Improvisationen und jeder kann sofort darauf spielen.<\/p>\n","protected":false},"excerpt":{"rendered":"<p><strong>Korpus<\/strong>: Aus massiver amerikanischer Kirsche<br \/>\n<strong>Rahmen<\/strong>: Aus europ\u00e4ischer Buche<br \/>\n<strong>Membran<\/strong>: Aus Zellulose <strong>Zungen<\/strong>: Federstahl<\/p>\n<p><strong>Abmessungen:<\/strong> 198 x 155 x 67 mm<br \/>\n<strong>Gewicht:<\/strong> \u2248 320 g<\/p>\n","protected":false},"featured_media":6999,"template":"","meta":{"_et_pb_use_builder":"","_et_pb_old_content":"","_et_gb_content_width":""},"product_brand":[],"product_cat":[226,56],"product_tag":[],"class_list":{"0":"post-6998","1":"product","2":"type-product","3":"status-publish","4":"has-post-thumbnail","6":"product_cat-kalimba-sansula","7":"product_cat-klangspiele","9":"first","10":"instock","11":"taxable","12":"shipping-taxable","13":"purchasable","14":"product-type-simple"},"_links":{"self":[{"href":"https:\/\/peter-hess-muehle.de\/shop\/wp-json\/wp\/v2\/product\/6998","targetHints":{"allow":["GET"]}}],"collection":[{"href":"https:\/\/peter-hess-muehle.de\/shop\/wp-json\/wp\/v2\/product"}],"about":[{"href":"https:\/\/peter-hess-muehle.de\/shop\/wp-json\/wp\/v2\/types\/product"}],"wp:featuredmedia":[{"embeddable":true,"href":"https:\/\/peter-hess-muehle.de\/shop\/wp-json\/wp\/v2\/media\/6999"}],"wp:attachment":[{"href":"https:\/\/peter-hess-muehle.de\/shop\/wp-json\/wp\/v2\/media?parent=6998"}],"wp:term":[{"taxonomy":"product_brand","embeddable":true,"href":"https:\/\/peter-hess-muehle.de\/shop\/wp-json\/wp\/v2\/product_brand?post=6998"},{"taxonomy":"product_cat","embeddable":true,"href":"https:\/\/peter-hess-muehle.de\/shop\/wp-json\/wp\/v2\/product_cat?post=6998"},{"taxonomy":"product_tag","embeddable":true,"href":"https:\/\/peter-hess-muehle.de\/shop\/wp-json\/wp\/v2\/product_tag?post=6998"}],"curies":[{"name":"wp","href":"https:\/\/api.w.org\/{rel}","templated":true}]}}