{"id":7007,"date":"2025-11-08T21:06:58","date_gmt":"2025-11-08T20:06:58","guid":{"rendered":"https:\/\/peter-hess-muehle.de\/shop\/?post_type=product&#038;p=7007"},"modified":"2026-02-07T23:27:19","modified_gmt":"2026-02-07T22:27:19","slug":"kalimba-9-toene-hokema","status":"publish","type":"product","link":"https:\/\/peter-hess-muehle.de\/shop\/produkt\/kalimba-9-toene-hokema\/","title":{"rendered":"Kalimba 9 T\u00f6ne (Hokema)"},"content":{"rendered":"<p>HOKEMA &#8211; Kalimba B9 handgefertigtes Daumenklavier<\/p>\n<p>Werksstimmung: A-Moll ( a\u00b4 &#8211; c\u00b4\u00b4 &#8211; c\u00b4 &#8211; a\u00b4 &#8211; a &#8211; f\u00b4 &#8211; e\u00b4 &#8211; e\u00b4\u00b4 &#8211; h\u00b4 )<\/p>\n<p>Mit 9 T\u00f6nen in der Tonart A-Moll ist die HOKEMA Kalimba B9 perfekt f\u00fcr Anf\u00e4nger und Fortgeschritteneist ,<\/p>\n","protected":false},"excerpt":{"rendered":"<p><strong>Korpus:<\/strong> Aus massiver amerikanischer Kirsche<br \/>\n<strong>Zungen:<\/strong> Federstahl<\/p>\n<p><strong>Abmessungen:<\/strong> 117x 90 x 41 mm<br \/>\n<strong>Gewicht:<\/strong> \u2248 175 g<\/p>\n","protected":false},"featured_media":7008,"template":"","meta":{"_et_pb_use_builder":"","_et_pb_old_content":"","_et_gb_content_width":""},"product_brand":[],"product_cat":[226,56],"product_tag":[],"class_list":{"0":"post-7007","1":"product","2":"type-product","3":"status-publish","4":"has-post-thumbnail","6":"product_cat-kalimba-sansula","7":"product_cat-klangspiele","9":"first","10":"instock","11":"taxable","12":"shipping-taxable","13":"purchasable","14":"product-type-simple"},"_links":{"self":[{"href":"https:\/\/peter-hess-muehle.de\/shop\/wp-json\/wp\/v2\/product\/7007","targetHints":{"allow":["GET"]}}],"collection":[{"href":"https:\/\/peter-hess-muehle.de\/shop\/wp-json\/wp\/v2\/product"}],"about":[{"href":"https:\/\/peter-hess-muehle.de\/shop\/wp-json\/wp\/v2\/types\/product"}],"wp:featuredmedia":[{"embeddable":true,"href":"https:\/\/peter-hess-muehle.de\/shop\/wp-json\/wp\/v2\/media\/7008"}],"wp:attachment":[{"href":"https:\/\/peter-hess-muehle.de\/shop\/wp-json\/wp\/v2\/media?parent=7007"}],"wp:term":[{"taxonomy":"product_brand","embeddable":true,"href":"https:\/\/peter-hess-muehle.de\/shop\/wp-json\/wp\/v2\/product_brand?post=7007"},{"taxonomy":"product_cat","embeddable":true,"href":"https:\/\/peter-hess-muehle.de\/shop\/wp-json\/wp\/v2\/product_cat?post=7007"},{"taxonomy":"product_tag","embeddable":true,"href":"https:\/\/peter-hess-muehle.de\/shop\/wp-json\/wp\/v2\/product_tag?post=7007"}],"curies":[{"name":"wp","href":"https:\/\/api.w.org\/{rel}","templated":true}]}}