{"id":7020,"date":"2025-11-09T00:41:57","date_gmt":"2025-11-08T23:41:57","guid":{"rendered":"https:\/\/peter-hess-muehle.de\/shop\/?post_type=product&#038;p=7020"},"modified":"2025-11-09T00:48:52","modified_gmt":"2025-11-08T23:48:52","slug":"behandlungs-klangmonochord-modell-b2g-tamburastimmung","status":"publish","type":"product","link":"https:\/\/peter-hess-muehle.de\/shop\/produkt\/behandlungs-klangmonochord-modell-b2g-tamburastimmung\/","title":{"rendered":"Behandlungs Klangmonochord Modell B2G Tamburastimmung"},"content":{"rendered":"<p><strong>ZMB2G Tamburastimmung<\/strong><\/p>\n<p>Tamburatonfolge g-c&#8216;-c&#8216;-c mehrfach hintereinander gesetzt. Beim Spielen \u00fcber die verschieden dicken Saiten die neben dem tiefsten Grundton die dazu harmonischen h\u00f6heren T\u00f6ne in der Quinte und Oktave erklingen lassen, zaubern einen obertonreichen Klangteppich hervor, der sowohl entspannend als auch belebend wirkt. (Je nach Vorliebe k\u00f6nnen die Saiten auch etwas h\u00f6her auf g#c#&#8216;-c#&#8216;-c&#8216; oder a-d&#8216;-d&#8216;-d gestimmt werden. Wir stimmen auf Ihren Wunschstimmung vor).<\/p>\n","protected":false},"excerpt":{"rendered":"<p><strong>Tamburastimmung\u00a0<\/strong><strong><br \/>\n<\/strong>21 Saiten<br \/>\nBuchenholzkorpus massiv mit Birkenholzdecke (schichtverleimt)<br \/>\nRosette mit Motiv: &#8222;Blume des Lebens\u201c<br \/>\nge\u00f6lt<br \/>\nMa\u00dfe: 60 x 23 x 7 cm<\/p>\n","protected":false},"featured_media":7019,"template":"","meta":{"_et_pb_use_builder":"","_et_pb_old_content":"","_et_gb_content_width":""},"product_brand":[],"product_cat":[56,225],"product_tag":[],"class_list":{"0":"post-7020","1":"product","2":"type-product","3":"status-publish","4":"has-post-thumbnail","6":"product_cat-klangspiele","7":"product_cat-monochord","9":"first","10":"instock","11":"taxable","12":"shipping-taxable","13":"purchasable","14":"product-type-simple"},"_links":{"self":[{"href":"https:\/\/peter-hess-muehle.de\/shop\/wp-json\/wp\/v2\/product\/7020","targetHints":{"allow":["GET"]}}],"collection":[{"href":"https:\/\/peter-hess-muehle.de\/shop\/wp-json\/wp\/v2\/product"}],"about":[{"href":"https:\/\/peter-hess-muehle.de\/shop\/wp-json\/wp\/v2\/types\/product"}],"wp:featuredmedia":[{"embeddable":true,"href":"https:\/\/peter-hess-muehle.de\/shop\/wp-json\/wp\/v2\/media\/7019"}],"wp:attachment":[{"href":"https:\/\/peter-hess-muehle.de\/shop\/wp-json\/wp\/v2\/media?parent=7020"}],"wp:term":[{"taxonomy":"product_brand","embeddable":true,"href":"https:\/\/peter-hess-muehle.de\/shop\/wp-json\/wp\/v2\/product_brand?post=7020"},{"taxonomy":"product_cat","embeddable":true,"href":"https:\/\/peter-hess-muehle.de\/shop\/wp-json\/wp\/v2\/product_cat?post=7020"},{"taxonomy":"product_tag","embeddable":true,"href":"https:\/\/peter-hess-muehle.de\/shop\/wp-json\/wp\/v2\/product_tag?post=7020"}],"curies":[{"name":"wp","href":"https:\/\/api.w.org\/{rel}","templated":true}]}}