{"id":7022,"date":"2025-11-09T01:05:48","date_gmt":"2025-11-09T00:05:48","guid":{"rendered":"https:\/\/peter-hess-muehle.de\/shop\/?post_type=product&#038;p=7022"},"modified":"2025-11-09T01:26:48","modified_gmt":"2025-11-09T00:26:48","slug":"spuer-monochord-modell-c-woelbi-geoelt-allton","status":"publish","type":"product","link":"https:\/\/peter-hess-muehle.de\/shop\/produkt\/spuer-monochord-modell-c-woelbi-geoelt-allton\/","title":{"rendered":"Sp\u00fcr-Monochord, Modell C W\u00d6LBI, ge\u00f6lt Allton"},"content":{"rendered":"<p><strong>MONOCHORD-STIMMUNG <\/strong>(ZMC1G)<br \/>\nFeine Kl\u00e4nge zur Meditation und Begleitung mit Stimme. Zehn Obertonsaiten und acht Basssaiten auf d gestimmt. (tiefer stimmbar auf c# oder c)Alle Saiten auf dem gleichen Ton, alle Saiten mit geschliffenen Bass-Broncesaiten, in verschiedenen Grundt\u00f6nen bestellbar.<\/p>\n<p>emfohlen f\u00fcr Klangmassage, vestibul\u00e4re Stimulation, sehr tiefe T\u00f6ne<\/p>\n","protected":false},"excerpt":{"rendered":"<ul>\n<li>Das Monochord ist ge\u00f6lt<\/li>\n<li>18 Saiten<\/li>\n<li>Ma\u00dfe: 60 x 24 x 9 cm<\/li>\n<li>Gewicht: zirka 2,3 Kilogramm<\/li>\n<li>Korpus: Buche schichtverleimt<\/li>\n<\/ul>\n<p>&nbsp;<\/p>\n","protected":false},"featured_media":7023,"template":"","meta":{"_et_pb_use_builder":"","_et_pb_old_content":"","_et_gb_content_width":""},"product_brand":[],"product_cat":[56,225],"product_tag":[],"class_list":{"0":"post-7022","1":"product","2":"type-product","3":"status-publish","4":"has-post-thumbnail","6":"product_cat-klangspiele","7":"product_cat-monochord","9":"first","10":"instock","11":"taxable","12":"shipping-taxable","13":"purchasable","14":"product-type-simple"},"_links":{"self":[{"href":"https:\/\/peter-hess-muehle.de\/shop\/wp-json\/wp\/v2\/product\/7022","targetHints":{"allow":["GET"]}}],"collection":[{"href":"https:\/\/peter-hess-muehle.de\/shop\/wp-json\/wp\/v2\/product"}],"about":[{"href":"https:\/\/peter-hess-muehle.de\/shop\/wp-json\/wp\/v2\/types\/product"}],"wp:featuredmedia":[{"embeddable":true,"href":"https:\/\/peter-hess-muehle.de\/shop\/wp-json\/wp\/v2\/media\/7023"}],"wp:attachment":[{"href":"https:\/\/peter-hess-muehle.de\/shop\/wp-json\/wp\/v2\/media?parent=7022"}],"wp:term":[{"taxonomy":"product_brand","embeddable":true,"href":"https:\/\/peter-hess-muehle.de\/shop\/wp-json\/wp\/v2\/product_brand?post=7022"},{"taxonomy":"product_cat","embeddable":true,"href":"https:\/\/peter-hess-muehle.de\/shop\/wp-json\/wp\/v2\/product_cat?post=7022"},{"taxonomy":"product_tag","embeddable":true,"href":"https:\/\/peter-hess-muehle.de\/shop\/wp-json\/wp\/v2\/product_tag?post=7022"}],"curies":[{"name":"wp","href":"https:\/\/api.w.org\/{rel}","templated":true}]}}