{"id":7025,"date":"2025-11-09T01:16:16","date_gmt":"2025-11-09T00:16:16","guid":{"rendered":"https:\/\/peter-hess-muehle.de\/shop\/?post_type=product&#038;p=7025"},"modified":"2025-11-09T01:20:34","modified_gmt":"2025-11-09T00:20:34","slug":"spuer-monochord-tambura-modell-c-woelbi-geoelt","status":"publish","type":"product","link":"https:\/\/peter-hess-muehle.de\/shop\/produkt\/spuer-monochord-tambura-modell-c-woelbi-geoelt\/","title":{"rendered":"Sp\u00fcr-Monochord, Tambura Modell C W\u00d6LBI, ge\u00f6lt"},"content":{"rendered":"<p><strong>TAMBURA-STIMMUNG <\/strong>(ZMC2G)<\/p>\n<p>Klangteppich aus Grundton, Quinte, Oktave. Harmonischer und belebender Klangteppich. Standardstimmung Tambura-Tonfolge a-d\u2018-d\u2018-d (oder etwas tiefer stimmbar auf g#-c#\u2018-c#\u2018-c# oder g-c\u2018-c\u2018-c)<\/p>\n","protected":false},"excerpt":{"rendered":"<ul>\n<li>Das Monochord ist ge\u00f6lt<\/li>\n<li>18 Saiten<\/li>\n<li>Ma\u00dfe: 60 x 24 x 9 cm<\/li>\n<li>Gewicht: zirka 2,3 Kilogramm<\/li>\n<li>Korpus: Buche schichtverleimt<\/li>\n<\/ul>\n<p>&nbsp;<\/p>\n","protected":false},"featured_media":7023,"template":"","meta":{"_et_pb_use_builder":"","_et_pb_old_content":"","_et_gb_content_width":""},"product_brand":[],"product_cat":[56,225],"product_tag":[],"class_list":{"0":"post-7025","1":"product","2":"type-product","3":"status-publish","4":"has-post-thumbnail","6":"product_cat-klangspiele","7":"product_cat-monochord","9":"first","10":"instock","11":"taxable","12":"shipping-taxable","13":"purchasable","14":"product-type-simple"},"_links":{"self":[{"href":"https:\/\/peter-hess-muehle.de\/shop\/wp-json\/wp\/v2\/product\/7025","targetHints":{"allow":["GET"]}}],"collection":[{"href":"https:\/\/peter-hess-muehle.de\/shop\/wp-json\/wp\/v2\/product"}],"about":[{"href":"https:\/\/peter-hess-muehle.de\/shop\/wp-json\/wp\/v2\/types\/product"}],"wp:featuredmedia":[{"embeddable":true,"href":"https:\/\/peter-hess-muehle.de\/shop\/wp-json\/wp\/v2\/media\/7023"}],"wp:attachment":[{"href":"https:\/\/peter-hess-muehle.de\/shop\/wp-json\/wp\/v2\/media?parent=7025"}],"wp:term":[{"taxonomy":"product_brand","embeddable":true,"href":"https:\/\/peter-hess-muehle.de\/shop\/wp-json\/wp\/v2\/product_brand?post=7025"},{"taxonomy":"product_cat","embeddable":true,"href":"https:\/\/peter-hess-muehle.de\/shop\/wp-json\/wp\/v2\/product_cat?post=7025"},{"taxonomy":"product_tag","embeddable":true,"href":"https:\/\/peter-hess-muehle.de\/shop\/wp-json\/wp\/v2\/product_tag?post=7025"}],"curies":[{"name":"wp","href":"https:\/\/api.w.org\/{rel}","templated":true}]}}