{"id":7028,"date":"2025-11-09T01:29:02","date_gmt":"2025-11-09T00:29:02","guid":{"rendered":"https:\/\/peter-hess-muehle.de\/shop\/?post_type=product&#038;p=7028"},"modified":"2025-11-09T01:34:50","modified_gmt":"2025-11-09T00:34:50","slug":"therapie-monochord-profession-modell-a-fichtendecke","status":"publish","type":"product","link":"https:\/\/peter-hess-muehle.de\/shop\/produkt\/therapie-monochord-profession-modell-a-fichtendecke\/","title":{"rendered":"Therapie-Monochord Profession, Modell A, Fichtendecke"},"content":{"rendered":"<p><strong>TAMBURA-STIMMUNG <\/strong>(ZMA2G)<br \/>\nKlangteppich aus Grundton, Quinte, Oktave. Harmonischer und belebender Klangteppich. Standardstimmung Tambura-Tonfolge a-a-d\u2018-d\u00a0(oder etwas tiefer stimmbar auf g#-c#\u2018-c#\u2018-c# oder g-c\u2018-c\u2018-c).<\/p>\n<p>Das taktile, sensorische Wahrnehmungsinstrument ist handlich und ergonomisch. Es wird gerne eingesetzt f\u00fcr zum Beispiel: Klangtherapie, Klangyoga, Klangmediation, Hypnose sowie Klangmassagen. in Kliniken, Praxen, Kinderg\u00e4rten, Seniorenheimen und Snouzelr\u00e4umen.<\/p>\n","protected":false},"excerpt":{"rendered":"<ul>\n<li>Das Monochord ist ge\u00f6lt\/gewachst<\/li>\n<li>19 Saiten<\/li>\n<li>Ma\u00dfe: 65 x 21 x 9 cm<\/li>\n<li>Korpus: Buche mit Griffmulde<\/li>\n<li>Massive Decke mit Rosette (Blume des Lebens)<\/li>\n<\/ul>\n","protected":false},"featured_media":7029,"template":"","meta":{"_et_pb_use_builder":"","_et_pb_old_content":"","_et_gb_content_width":""},"product_brand":[],"product_cat":[56,225],"product_tag":[],"class_list":{"0":"post-7028","1":"product","2":"type-product","3":"status-publish","4":"has-post-thumbnail","6":"product_cat-klangspiele","7":"product_cat-monochord","9":"first","10":"instock","11":"taxable","12":"shipping-taxable","13":"purchasable","14":"product-type-simple"},"_links":{"self":[{"href":"https:\/\/peter-hess-muehle.de\/shop\/wp-json\/wp\/v2\/product\/7028","targetHints":{"allow":["GET"]}}],"collection":[{"href":"https:\/\/peter-hess-muehle.de\/shop\/wp-json\/wp\/v2\/product"}],"about":[{"href":"https:\/\/peter-hess-muehle.de\/shop\/wp-json\/wp\/v2\/types\/product"}],"wp:featuredmedia":[{"embeddable":true,"href":"https:\/\/peter-hess-muehle.de\/shop\/wp-json\/wp\/v2\/media\/7029"}],"wp:attachment":[{"href":"https:\/\/peter-hess-muehle.de\/shop\/wp-json\/wp\/v2\/media?parent=7028"}],"wp:term":[{"taxonomy":"product_brand","embeddable":true,"href":"https:\/\/peter-hess-muehle.de\/shop\/wp-json\/wp\/v2\/product_brand?post=7028"},{"taxonomy":"product_cat","embeddable":true,"href":"https:\/\/peter-hess-muehle.de\/shop\/wp-json\/wp\/v2\/product_cat?post=7028"},{"taxonomy":"product_tag","embeddable":true,"href":"https:\/\/peter-hess-muehle.de\/shop\/wp-json\/wp\/v2\/product_tag?post=7028"}],"curies":[{"name":"wp","href":"https:\/\/api.w.org\/{rel}","templated":true}]}}