{"id":7030,"date":"2025-11-09T01:36:54","date_gmt":"2025-11-09T00:36:54","guid":{"rendered":"https:\/\/peter-hess-muehle.de\/shop\/?post_type=product&#038;p=7030"},"modified":"2025-11-09T01:41:50","modified_gmt":"2025-11-09T00:41:50","slug":"behandlungs-klangmonochord-modell-b3g-dreiklangstimmung","status":"publish","type":"product","link":"https:\/\/peter-hess-muehle.de\/shop\/produkt\/behandlungs-klangmonochord-modell-b3g-dreiklangstimmung\/","title":{"rendered":"Behandlungs Klangmonochord Modell B3G Dreiklangstimmung"},"content":{"rendered":"<p><strong>ZMB3 Dreiklangstimmung<\/strong><strong><br \/>\n<\/strong>7 x Ton c, 7 x Ton g, 7 x Ton c -die blockweise geordneten Tonh\u00f6hen bieten beim Spielen viele Varianten, auch f\u00fcr Spielen zu zweit sehr sch\u00f6n. Auch hier sind die Saiten etwas h\u00f6her auf c#-g#-c#&#8216; oder d-a-d&#8216; umzustimmen. Wir stimmen auf Ihren Wunschstimmung vor.<\/p>\n","protected":false},"excerpt":{"rendered":"<p>21 Saiten<br \/>\nBuchenholzkorpus massiv mit Birkenholzdecke (schichtverleimt)<br \/>\nRosette mit Motiv: &#8222;Blume des Lebens\u201c<br \/>\nge\u00f6lt<br \/>\nMa\u00dfe: 60 x 23 x 7 cm<\/p>\n","protected":false},"featured_media":7031,"template":"","meta":{"_et_pb_use_builder":"","_et_pb_old_content":"","_et_gb_content_width":""},"product_brand":[],"product_cat":[56,225],"product_tag":[],"class_list":{"0":"post-7030","1":"product","2":"type-product","3":"status-publish","4":"has-post-thumbnail","6":"product_cat-klangspiele","7":"product_cat-monochord","9":"first","10":"instock","11":"taxable","12":"shipping-taxable","13":"purchasable","14":"product-type-simple"},"_links":{"self":[{"href":"https:\/\/peter-hess-muehle.de\/shop\/wp-json\/wp\/v2\/product\/7030","targetHints":{"allow":["GET"]}}],"collection":[{"href":"https:\/\/peter-hess-muehle.de\/shop\/wp-json\/wp\/v2\/product"}],"about":[{"href":"https:\/\/peter-hess-muehle.de\/shop\/wp-json\/wp\/v2\/types\/product"}],"wp:featuredmedia":[{"embeddable":true,"href":"https:\/\/peter-hess-muehle.de\/shop\/wp-json\/wp\/v2\/media\/7031"}],"wp:attachment":[{"href":"https:\/\/peter-hess-muehle.de\/shop\/wp-json\/wp\/v2\/media?parent=7030"}],"wp:term":[{"taxonomy":"product_brand","embeddable":true,"href":"https:\/\/peter-hess-muehle.de\/shop\/wp-json\/wp\/v2\/product_brand?post=7030"},{"taxonomy":"product_cat","embeddable":true,"href":"https:\/\/peter-hess-muehle.de\/shop\/wp-json\/wp\/v2\/product_cat?post=7030"},{"taxonomy":"product_tag","embeddable":true,"href":"https:\/\/peter-hess-muehle.de\/shop\/wp-json\/wp\/v2\/product_tag?post=7030"}],"curies":[{"name":"wp","href":"https:\/\/api.w.org\/{rel}","templated":true}]}}