{"id":7069,"date":"2026-03-10T10:14:18","date_gmt":"2026-03-10T09:14:18","guid":{"rendered":"https:\/\/peter-hess-muehle.de\/shop\/?post_type=product&#038;p=7069"},"modified":"2026-03-10T10:15:58","modified_gmt":"2026-03-10T09:15:58","slug":"tam-tam-gong-o-18-cm","status":"publish","type":"product","link":"https:\/\/peter-hess-muehle.de\/shop\/produkt\/tam-tam-gong-o-18-cm\/","title":{"rendered":"Tam Tam Gong \u00d8 18 cm"},"content":{"rendered":"<p><strong>Tam Tam Gongs eignen sich besonders f\u00fcr:<\/strong><\/p>\n<p>Klang- und Fantasiereisen<br \/>\nMeditationen<br \/>\nKonzerte<br \/>\nk\u00f6rpertherapeutische Settings<br \/>\nklangp\u00e4dagogische Settings<\/p>\n<p>Gongs geh\u00f6ren zu den \u00e4ltesten und wichtigsten Musikinstrumenten S\u00fcdostasienes. Es gibt sie in verschiedenen Ausf\u00fchrungen und Gr\u00f6\u00dfen. In der Peter Hess\u00ae Klangmassage und Klangp\u00e4dagogik wurde der Gong neben der Klangschale zu einem zentralen Instrument. F\u00fcr unsere Arbeit haben sich die Fen und Tam Tam Gongs besonders bew\u00e4hrt, die wir seit Jahren in Asien einkaufen. Wir achten auf ausgesuchte, gepr\u00fcfte Qualit\u00e4t, nur so wird Ihnen Ihr beim Spielen und Zuh\u00f6ren Freude bereiten.<\/p>\n<p>Der TamTam Gong (Chinesischer Tempelgong) wird aus einer schweren Metallplatte in Handarbeit getrieben. In seiner fertigen Form besitzt er einen gespannten, geschw\u00e4rzten Rand und eine geschw\u00e4rzte Mitte. Dazwischen ist die Scheibe goldgl\u00e4nzend poliert.<\/p>\n<p>Durch diesen nach hinten gekr\u00e4ngten Rand erzeugt der TamTam Gong weniger spektakul\u00e4re Schwingungen als zum Beispiel ein Fen Gong. Sein Klangcharakter ist volumin\u00f6s (wuchtig) und reicht von sehr tiefen (gro\u00dfe Gongs) bis zu eher h\u00f6heren T\u00f6nen (kleine Gongs). Generell hat der Tam Tam Gong einen eher zentrierenden Ton. Dieser Gong ist in ausgezeichneter Qualit\u00e4t f\u00fcr die Klangarbeit hergestellt.<\/p>\n<p>Alle Gongs werden mit einem gewickelten Baumwollschl\u00e4gel geliefert.<\/p>\n<p>Die Gongs haben jeweils 2 Lochbohrungen und sind mit einer Kordel zum Aufh\u00e4ngen versehen.<\/p>\n","protected":false},"excerpt":{"rendered":"<p>Gewicht: ca. 0,5 kg<br \/>\n\u00d8: 18 cm<\/p>\n","protected":false},"featured_media":4604,"template":"","meta":{"_et_pb_use_builder":"","_et_pb_old_content":"","_et_gb_content_width":""},"product_brand":[],"product_cat":[51,73],"product_tag":[],"class_list":{"0":"post-7069","1":"product","2":"type-product","3":"status-publish","4":"has-post-thumbnail","6":"product_cat-gongs","7":"product_cat-tam-tam-gong","9":"first","10":"instock","11":"taxable","12":"shipping-taxable","13":"purchasable","14":"product-type-simple"},"_links":{"self":[{"href":"https:\/\/peter-hess-muehle.de\/shop\/wp-json\/wp\/v2\/product\/7069","targetHints":{"allow":["GET"]}}],"collection":[{"href":"https:\/\/peter-hess-muehle.de\/shop\/wp-json\/wp\/v2\/product"}],"about":[{"href":"https:\/\/peter-hess-muehle.de\/shop\/wp-json\/wp\/v2\/types\/product"}],"wp:featuredmedia":[{"embeddable":true,"href":"https:\/\/peter-hess-muehle.de\/shop\/wp-json\/wp\/v2\/media\/4604"}],"wp:attachment":[{"href":"https:\/\/peter-hess-muehle.de\/shop\/wp-json\/wp\/v2\/media?parent=7069"}],"wp:term":[{"taxonomy":"product_brand","embeddable":true,"href":"https:\/\/peter-hess-muehle.de\/shop\/wp-json\/wp\/v2\/product_brand?post=7069"},{"taxonomy":"product_cat","embeddable":true,"href":"https:\/\/peter-hess-muehle.de\/shop\/wp-json\/wp\/v2\/product_cat?post=7069"},{"taxonomy":"product_tag","embeddable":true,"href":"https:\/\/peter-hess-muehle.de\/shop\/wp-json\/wp\/v2\/product_tag?post=7069"}],"curies":[{"name":"wp","href":"https:\/\/api.w.org\/{rel}","templated":true}]}}