{"id":858,"date":"2021-03-29T22:13:01","date_gmt":"2021-03-29T20:13:01","guid":{"rendered":"https:\/\/peter-hess-muehle.de\/shop\/produkt\/herzschalekleinphks9-o1\/"},"modified":"2025-02-11T18:56:30","modified_gmt":"2025-02-11T17:56:30","slug":"herzschalekleinphks9-o1","status":"publish","type":"product","link":"https:\/\/peter-hess-muehle.de\/shop\/produkt\/herzschalekleinphks9-o1\/","title":{"rendered":"Kleine Herzschale"},"content":{"rendered":"<p>Die Frequenzen dieser Schalen sprechen vor allem den oberen K\u00f6rperbereich an. Die kleine Herzschale wurde speziell f\u00fcr die Arbeit mit Kindern entwickelt, wird aber auch gerne in der normalen Klangmassage eingesetzt. Die helleren, h\u00f6heren T\u00f6ne k\u00f6nnen sanft Blockaden und Stauungen l\u00f6sen. Sie hat einen sanften Herzton, aber nicht das Volumen der gro\u00dfen Herzschale.<\/p>\n","protected":false},"excerpt":{"rendered":"<p>Hier variiert der Klang je nach Schl\u00e4gel<\/p>\n<p>Gewicht ca.: 0,6 kg<br \/>\n\u00d8 ca.: 16 cm<br \/>\nH\u00f6he ca.: 8,5 cm<\/p>\n","protected":false},"featured_media":4546,"template":"","meta":{"_et_pb_use_builder":"off","_et_pb_old_content":"Die Frequenzen dieser Schalen sprechen vor allem den oberen K\u00f6rperbereich an. Die kleine Herzschale wurde speziell f\u00fcr die Arbeit mit Kindern entwickelt, wird aber auch gerne in der normalen Klangmassage eingesetzt.\r\n\r\nDie helleren, h\u00f6heren T\u00f6ne k\u00f6nnen sanft Blockaden und Stauungen l\u00f6sen. Sie hat einen sanften Herzton, aber nicht das Volumen der gro\u00dfen Herzschale.","_et_gb_content_width":""},"product_brand":[],"product_cat":[52,59],"product_tag":[],"class_list":{"0":"post-858","1":"product","2":"type-product","3":"status-publish","4":"has-post-thumbnail","6":"product_cat-peter-hess-therapieklangschale","7":"product_cat-peter-hess-therapieklangschale-peter-hess-therapieklangschalen","9":"first","10":"instock","11":"taxable","12":"shipping-taxable","13":"purchasable","14":"product-type-simple"},"_links":{"self":[{"href":"https:\/\/peter-hess-muehle.de\/shop\/wp-json\/wp\/v2\/product\/858","targetHints":{"allow":["GET"]}}],"collection":[{"href":"https:\/\/peter-hess-muehle.de\/shop\/wp-json\/wp\/v2\/product"}],"about":[{"href":"https:\/\/peter-hess-muehle.de\/shop\/wp-json\/wp\/v2\/types\/product"}],"wp:featuredmedia":[{"embeddable":true,"href":"https:\/\/peter-hess-muehle.de\/shop\/wp-json\/wp\/v2\/media\/4546"}],"wp:attachment":[{"href":"https:\/\/peter-hess-muehle.de\/shop\/wp-json\/wp\/v2\/media?parent=858"}],"wp:term":[{"taxonomy":"product_brand","embeddable":true,"href":"https:\/\/peter-hess-muehle.de\/shop\/wp-json\/wp\/v2\/product_brand?post=858"},{"taxonomy":"product_cat","embeddable":true,"href":"https:\/\/peter-hess-muehle.de\/shop\/wp-json\/wp\/v2\/product_cat?post=858"},{"taxonomy":"product_tag","embeddable":true,"href":"https:\/\/peter-hess-muehle.de\/shop\/wp-json\/wp\/v2\/product_tag?post=858"}],"curies":[{"name":"wp","href":"https:\/\/api.w.org\/{rel}","templated":true}]}}