{"id":885,"date":"2021-03-30T21:34:52","date_gmt":"2021-03-30T19:34:52","guid":{"rendered":"https:\/\/peter-hess-muehle.de\/shop\/produkt\/xl-klangschale-5-55kg\/"},"modified":"2025-02-11T18:53:19","modified_gmt":"2025-02-11T17:53:19","slug":"xl-klangschale-5-55kg","status":"publish","type":"product","link":"https:\/\/peter-hess-muehle.de\/shop\/produkt\/xl-klangschale-5-55kg\/","title":{"rendered":"XL &#8211; Therapie Klangschale"},"content":{"rendered":"<p>Sehr gerne wird diese Peter Hess\u00ae Therapie Klangschale zur Einstimmung, aber auch zur gezielten Behandlung, z.B. zur F\u00f6rderung der Durchblutung, Wirbels\u00e4ulenbehandlung oder Energetisierung, eingesetzt. Man stellt sich in die Klangschale und f\u00fchlt die intensiven Schwingungen am ganzen K\u00f6rper.<\/p>\n","protected":false},"excerpt":{"rendered":"<p>Peter Hess\u00ae Therapie Klangschale (phKS9-XL)<br \/>\nDiese Klangschale ist zum hineinstellen geeignet.<\/p>\n<p>Gewicht ca.: 5-12 kg<br \/>\n\u00d8 ca.: 39-51 cm<br \/>\nH\u00f6he ca.: 15-20 cm<\/p>\n","protected":false},"featured_media":4555,"template":"","meta":{"_et_pb_use_builder":"","_et_pb_old_content":"","_et_gb_content_width":""},"product_brand":[],"product_cat":[52,59],"product_tag":[],"class_list":{"0":"post-885","1":"product","2":"type-product","3":"status-publish","4":"has-post-thumbnail","6":"product_cat-peter-hess-therapieklangschale","7":"product_cat-peter-hess-therapieklangschale-peter-hess-therapieklangschalen","9":"first","10":"instock","11":"taxable","12":"shipping-taxable","13":"purchasable","14":"product-type-variable"},"_links":{"self":[{"href":"https:\/\/peter-hess-muehle.de\/shop\/wp-json\/wp\/v2\/product\/885","targetHints":{"allow":["GET"]}}],"collection":[{"href":"https:\/\/peter-hess-muehle.de\/shop\/wp-json\/wp\/v2\/product"}],"about":[{"href":"https:\/\/peter-hess-muehle.de\/shop\/wp-json\/wp\/v2\/types\/product"}],"wp:featuredmedia":[{"embeddable":true,"href":"https:\/\/peter-hess-muehle.de\/shop\/wp-json\/wp\/v2\/media\/4555"}],"wp:attachment":[{"href":"https:\/\/peter-hess-muehle.de\/shop\/wp-json\/wp\/v2\/media?parent=885"}],"wp:term":[{"taxonomy":"product_brand","embeddable":true,"href":"https:\/\/peter-hess-muehle.de\/shop\/wp-json\/wp\/v2\/product_brand?post=885"},{"taxonomy":"product_cat","embeddable":true,"href":"https:\/\/peter-hess-muehle.de\/shop\/wp-json\/wp\/v2\/product_cat?post=885"},{"taxonomy":"product_tag","embeddable":true,"href":"https:\/\/peter-hess-muehle.de\/shop\/wp-json\/wp\/v2\/product_tag?post=885"}],"curies":[{"name":"wp","href":"https:\/\/api.w.org\/{rel}","templated":true}]}}