{"id":919,"date":"2021-03-31T11:57:40","date_gmt":"2021-03-31T09:57:40","guid":{"rendered":"https:\/\/peter-hess-muehle.de\/shop\/?post_type=product&#038;p=919"},"modified":"2023-05-26T11:38:20","modified_gmt":"2023-05-26T09:38:20","slug":"filzuntersetzer-ver-farben","status":"publish","type":"product","link":"https:\/\/peter-hess-muehle.de\/shop\/produkt\/filzuntersetzer-ver-farben\/","title":{"rendered":"Filzuntersetzer \u00d8 15 cm grosse Farbauswahl"},"content":{"rendered":"<p>Durch die Kissen kann man Nebenger\u00e4usche beim Anschlagen der Schale verhindern und sie erm\u00f6glichen einen stabilen Stand der Klangschale. Wenn man eine Klangschale beim Anschlagen nicht in der Hand halten m\u00f6chte, braucht man ein kleines rundes Kissen, gerade so gro\u00df, dass die Schale sicher steht, aber klein genug, damit die Schwingung nicht behindert wird.<\/p>\n<p>Diese Untersetzer werden in einer kleinen Manufaktur in Nepal gefertigt. In aufwendiger Handarbeit werden die vielen einzelnen Filzkugeln zu einem Kreis zusammengen\u00e4ht.<\/p>\n<p>Geeignet f\u00fcr Gelenk- und Universalschale, kleine und gro\u00dfe Herzschalen, alle Farben erh\u00e4ltlich.<\/p>\n","protected":false},"excerpt":{"rendered":"<p>\u00d8: 15 cm<br \/>\nH\u00f6he: 2 cm<\/p>\n","protected":false},"featured_media":4912,"template":"","meta":{"_et_pb_use_builder":"","_et_pb_old_content":"","_et_gb_content_width":""},"product_brand":[],"product_cat":[69,68],"product_tag":[],"class_list":{"0":"post-919","1":"product","2":"type-product","3":"status-publish","4":"has-post-thumbnail","6":"product_cat-filzuntersetzer","7":"product_cat-untersetzer","9":"first","10":"instock","11":"taxable","12":"shipping-taxable","13":"purchasable","14":"product-type-variable"},"_links":{"self":[{"href":"https:\/\/peter-hess-muehle.de\/shop\/wp-json\/wp\/v2\/product\/919","targetHints":{"allow":["GET"]}}],"collection":[{"href":"https:\/\/peter-hess-muehle.de\/shop\/wp-json\/wp\/v2\/product"}],"about":[{"href":"https:\/\/peter-hess-muehle.de\/shop\/wp-json\/wp\/v2\/types\/product"}],"wp:featuredmedia":[{"embeddable":true,"href":"https:\/\/peter-hess-muehle.de\/shop\/wp-json\/wp\/v2\/media\/4912"}],"wp:attachment":[{"href":"https:\/\/peter-hess-muehle.de\/shop\/wp-json\/wp\/v2\/media?parent=919"}],"wp:term":[{"taxonomy":"product_brand","embeddable":true,"href":"https:\/\/peter-hess-muehle.de\/shop\/wp-json\/wp\/v2\/product_brand?post=919"},{"taxonomy":"product_cat","embeddable":true,"href":"https:\/\/peter-hess-muehle.de\/shop\/wp-json\/wp\/v2\/product_cat?post=919"},{"taxonomy":"product_tag","embeddable":true,"href":"https:\/\/peter-hess-muehle.de\/shop\/wp-json\/wp\/v2\/product_tag?post=919"}],"curies":[{"name":"wp","href":"https:\/\/api.w.org\/{rel}","templated":true}]}}