{"id":986,"date":"2021-04-05T21:19:05","date_gmt":"2021-04-05T19:19:05","guid":{"rendered":"https:\/\/peter-hess-muehle.de\/shop\/produkt\/bolo-kl-herzschale-phks9-so1\/"},"modified":"2025-02-11T19:18:21","modified_gmt":"2025-02-11T18:18:21","slug":"bolo-kl-herzschale-phks9-so1","status":"publish","type":"product","link":"https:\/\/peter-hess-muehle.de\/shop\/produkt\/bolo-kl-herzschale-phks9-so1\/","title":{"rendered":"Kleine Herzschale mit Lochausschnitt (Bolo)"},"content":{"rendered":"<p><strong>Die kleine Herzschale kommt im Bereich des Herzens, der Schulterbl\u00e4tter und des Halsansatzes zum Einsatz.<\/strong><\/p>\n<p>Die helleren, h\u00f6heren T\u00f6ne k\u00f6nnen sanft Blockaden und Stauungen l\u00f6sen. Sie hat einen sanften Herzton aber nicht das Volumen der gro\u00dfen Herzschale.<\/p>\n<p>Der Lochausschnitt erm\u00f6glicht eine Platzierung der Klangschale auf unebenen K\u00f6rperzonen, wie Knie, Schulter, Becken, Ellenbogen oder Ferse.<\/p>\n","protected":false},"excerpt":{"rendered":"<p><strong>Therapie Klangschale Bolo Spezial-Klangschale &#8211; kleine Herzschale (phKS9-SO1)<\/strong><\/p>\n<p><span style=\"font-size: 16px;\">Gewicht ca.: 650-720 g<br \/>\n\u00d8 ca.: 17 cm<br \/>\nH\u00f6he ca.: 8,5 cm<\/span><\/p>\n","protected":false},"featured_media":3140,"template":"","meta":{"_et_pb_use_builder":"","_et_pb_old_content":"","_et_gb_content_width":""},"product_brand":[],"product_cat":[52,93,94],"product_tag":[],"class_list":{"0":"post-986","1":"product","2":"type-product","3":"status-publish","4":"has-post-thumbnail","6":"product_cat-peter-hess-therapieklangschale","7":"product_cat-peter-hess-products-bolo-klangschalen","8":"product_cat-peter-hess-spezial-klangschalen","10":"first","11":"instock","12":"taxable","13":"shipping-taxable","14":"purchasable","15":"product-type-simple"},"_links":{"self":[{"href":"https:\/\/peter-hess-muehle.de\/shop\/wp-json\/wp\/v2\/product\/986","targetHints":{"allow":["GET"]}}],"collection":[{"href":"https:\/\/peter-hess-muehle.de\/shop\/wp-json\/wp\/v2\/product"}],"about":[{"href":"https:\/\/peter-hess-muehle.de\/shop\/wp-json\/wp\/v2\/types\/product"}],"wp:featuredmedia":[{"embeddable":true,"href":"https:\/\/peter-hess-muehle.de\/shop\/wp-json\/wp\/v2\/media\/3140"}],"wp:attachment":[{"href":"https:\/\/peter-hess-muehle.de\/shop\/wp-json\/wp\/v2\/media?parent=986"}],"wp:term":[{"taxonomy":"product_brand","embeddable":true,"href":"https:\/\/peter-hess-muehle.de\/shop\/wp-json\/wp\/v2\/product_brand?post=986"},{"taxonomy":"product_cat","embeddable":true,"href":"https:\/\/peter-hess-muehle.de\/shop\/wp-json\/wp\/v2\/product_cat?post=986"},{"taxonomy":"product_tag","embeddable":true,"href":"https:\/\/peter-hess-muehle.de\/shop\/wp-json\/wp\/v2\/product_tag?post=986"}],"curies":[{"name":"wp","href":"https:\/\/api.w.org\/{rel}","templated":true}]}}