{"id":989,"date":"2021-04-05T21:47:12","date_gmt":"2021-04-05T19:47:12","guid":{"rendered":"https:\/\/peter-hess-muehle.de\/shop\/produkt\/bolo-gelenk-universaphks9-sg\/"},"modified":"2025-02-11T19:21:32","modified_gmt":"2025-02-11T18:21:32","slug":"bolo-gelenk-universaphks9-sg","status":"publish","type":"product","link":"https:\/\/peter-hess-muehle.de\/shop\/produkt\/bolo-gelenk-universaphks9-sg\/","title":{"rendered":"Universalschale mit Lochausschnitt (Bolo)"},"content":{"rendered":"<p><strong>Die Klangschale besitzt ein breites Klangspektrum und kann mit verschiedenen Schl\u00e4geln universell f\u00fcr den ganzen K\u00f6rper eingesetzt werden, auch wunderbar f\u00fcr die Fu\u00df- und Handreflexzonen. Daher der Name: \u201eUniversalschale\u201c.<\/strong><\/p>\n<p>Der Lochausschnitt im Zentrum der Schale erm\u00f6glicht z.B. eine optimale Platzierung der Klangschale auf Knie, Schultergelenk, Ellenbogen und Fu\u00df\/Ferse.<\/p>\n","protected":false},"excerpt":{"rendered":"<p><strong>,<br \/>\nTherapie Klangschale\u00a0<\/strong> <strong>Bolo Spezial-Klangschale <\/strong><strong>(phKS9-SG)<\/strong><\/p>\n<p><span style=\"font-size: 16px;\">Gewicht ca.: 900 g<br \/>\n\u00d8 ca.: 21 &#8211; 22 cm<br \/>\nH\u00f6he ca.: 8 cm <\/span><\/p>\n","protected":false},"featured_media":3138,"template":"","meta":{"_et_pb_use_builder":"","_et_pb_old_content":"","_et_gb_content_width":""},"product_brand":[],"product_cat":[52,93,94],"product_tag":[],"class_list":{"0":"post-989","1":"product","2":"type-product","3":"status-publish","4":"has-post-thumbnail","6":"product_cat-peter-hess-therapieklangschale","7":"product_cat-peter-hess-products-bolo-klangschalen","8":"product_cat-peter-hess-spezial-klangschalen","10":"first","11":"instock","12":"taxable","13":"shipping-taxable","14":"purchasable","15":"product-type-simple"},"_links":{"self":[{"href":"https:\/\/peter-hess-muehle.de\/shop\/wp-json\/wp\/v2\/product\/989","targetHints":{"allow":["GET"]}}],"collection":[{"href":"https:\/\/peter-hess-muehle.de\/shop\/wp-json\/wp\/v2\/product"}],"about":[{"href":"https:\/\/peter-hess-muehle.de\/shop\/wp-json\/wp\/v2\/types\/product"}],"wp:featuredmedia":[{"embeddable":true,"href":"https:\/\/peter-hess-muehle.de\/shop\/wp-json\/wp\/v2\/media\/3138"}],"wp:attachment":[{"href":"https:\/\/peter-hess-muehle.de\/shop\/wp-json\/wp\/v2\/media?parent=989"}],"wp:term":[{"taxonomy":"product_brand","embeddable":true,"href":"https:\/\/peter-hess-muehle.de\/shop\/wp-json\/wp\/v2\/product_brand?post=989"},{"taxonomy":"product_cat","embeddable":true,"href":"https:\/\/peter-hess-muehle.de\/shop\/wp-json\/wp\/v2\/product_cat?post=989"},{"taxonomy":"product_tag","embeddable":true,"href":"https:\/\/peter-hess-muehle.de\/shop\/wp-json\/wp\/v2\/product_tag?post=989"}],"curies":[{"name":"wp","href":"https:\/\/api.w.org\/{rel}","templated":true}]}}