{"id":992,"date":"2021-04-05T22:06:31","date_gmt":"2021-04-05T20:06:31","guid":{"rendered":"https:\/\/peter-hess-muehle.de\/shop\/produkt\/bolo-gr-herzschale-phks9-so2\/"},"modified":"2025-02-11T19:23:19","modified_gmt":"2025-02-11T18:23:19","slug":"bolo-gr-herzschale-phks9-so2","status":"publish","type":"product","link":"https:\/\/peter-hess-muehle.de\/shop\/produkt\/bolo-gr-herzschale-phks9-so2\/","title":{"rendered":"Gro\u00dfe Herzschale mit Lochausschnitt (Bolo)"},"content":{"rendered":"<p><strong>Die Frequenzen der gro\u00dfen Herzschale sprechen vor allem den oberen K\u00f6rperbereich an. Die Klangschale wurde f\u00fcr die professionelle Anwendung entwickelt und kommt im Bereich des Herzens, des Halsansatzes und der Schulterbl\u00e4tter zum Einsatz.<\/strong><\/p>\n<p>Der Lochausschnitt im Zentrum der Schale erm\u00f6glicht z.B. eine optimale Platzierung der Klangschale auf Knie, Schultergelenk, Ellenbogen und Fu\u00df\/Ferse.<\/p>\n","protected":false},"excerpt":{"rendered":"<p><strong>Therapie Klangschale <\/strong><strong>Bolo Spezial-Klangschale <\/strong><strong> (phKS9-SO2)<\/strong><\/p>\n<p><span style=\"font-size: 16px;\">Gewicht ca.: 1300 g<br \/>\n\u00d8 ca.: 21-22 cm<br \/>\nH\u00f6he ca.: 8,5 cm <\/span><\/p>\n","protected":false},"featured_media":3138,"template":"","meta":{"_et_pb_use_builder":"","_et_pb_old_content":"","_et_gb_content_width":""},"product_brand":[],"product_cat":[52,93,94],"product_tag":[],"class_list":{"0":"post-992","1":"product","2":"type-product","3":"status-publish","4":"has-post-thumbnail","6":"product_cat-peter-hess-therapieklangschale","7":"product_cat-peter-hess-products-bolo-klangschalen","8":"product_cat-peter-hess-spezial-klangschalen","10":"first","11":"instock","12":"taxable","13":"shipping-taxable","14":"purchasable","15":"product-type-simple"},"_links":{"self":[{"href":"https:\/\/peter-hess-muehle.de\/shop\/wp-json\/wp\/v2\/product\/992","targetHints":{"allow":["GET"]}}],"collection":[{"href":"https:\/\/peter-hess-muehle.de\/shop\/wp-json\/wp\/v2\/product"}],"about":[{"href":"https:\/\/peter-hess-muehle.de\/shop\/wp-json\/wp\/v2\/types\/product"}],"wp:featuredmedia":[{"embeddable":true,"href":"https:\/\/peter-hess-muehle.de\/shop\/wp-json\/wp\/v2\/media\/3138"}],"wp:attachment":[{"href":"https:\/\/peter-hess-muehle.de\/shop\/wp-json\/wp\/v2\/media?parent=992"}],"wp:term":[{"taxonomy":"product_brand","embeddable":true,"href":"https:\/\/peter-hess-muehle.de\/shop\/wp-json\/wp\/v2\/product_brand?post=992"},{"taxonomy":"product_cat","embeddable":true,"href":"https:\/\/peter-hess-muehle.de\/shop\/wp-json\/wp\/v2\/product_cat?post=992"},{"taxonomy":"product_tag","embeddable":true,"href":"https:\/\/peter-hess-muehle.de\/shop\/wp-json\/wp\/v2\/product_tag?post=992"}],"curies":[{"name":"wp","href":"https:\/\/api.w.org\/{rel}","templated":true}]}}